{"id":27,"date":"2022-03-15T16:18:08","date_gmt":"2022-03-15T15:18:08","guid":{"rendered":"http:\/\/vorlagen.hv-personal.de\/smardian\/?page_id=27"},"modified":"2022-04-14T08:58:34","modified_gmt":"2022-04-14T06:58:34","slug":"smardian-homepage","status":"publish","type":"page","link":"https:\/\/vorlagen.hv-personal.de\/smardian\/","title":{"rendered":"Smardian &#8211; Homepage"},"content":{"rendered":"\n<h2 class=\"wp-block-heading\">Diese Artikel sind geplant:<\/h2>\n\n\n\n<div class=\"wp-block-query is-layout-flow wp-block-query-is-layout-flow\"><ul class=\"wp-block-post-template is-layout-flow wp-block-post-template-is-layout-flow\"><li class=\"wp-block-post post-174 post type-post status-publish format-standard hentry category-hausnotruf\">\n<h2 class=\"wp-block-post-title\"><a href=\"https:\/\/vorlagen.hv-personal.de\/smardian\/lebenserwartung-nach-einem-schlaganfall\/\" target=\"_self\" >Lebenserwartung nach einem Schlaganfall<\/a><\/h2>\n\n<div class=\"wp-block-post-excerpt\"><p class=\"wp-block-post-excerpt__excerpt\">Lebenserwartung nach einem Schlaganfall Was passiert wenn ein Schlaganfall nicht rechtzeitig behandelt wird haben wir in dem Bericht richtig handeln bei einem Schlaganfall bereits behandelt. Sollte es aber dennoch zu einem Schlaganfall kommen ist es wichtig die Chancen und M\u00f6glichkeiten zu wissen. Die gute Nachricht zuerst Das Risiko an einem Schlaganfall zu sterben, hat sichWeiterlesen <\/p><\/div>\n\n\n<hr class=\"wp-block-separator\"\/>\n\n\n<div class=\"wp-block-post-date\"><time datetime=\"2022-05-03T11:45:55+02:00\">3. Mai 2022<\/time><\/div>\n<\/li><li class=\"wp-block-post post-183 post type-post status-publish format-standard hentry category-hausnotruf\">\n<h2 class=\"wp-block-post-title\"><a href=\"https:\/\/vorlagen.hv-personal.de\/smardian\/wann-ist-das-schlaganfall-risiko-am-hoechsten\/\" target=\"_self\" >Wann ist das Schlaganfall Risiko am h\u00f6chsten<\/a><\/h2>\n\n<div class=\"wp-block-post-excerpt\"><p class=\"wp-block-post-excerpt__excerpt\">Wann ist das Schlaganfall Risiko am h\u00f6chsten? Es gibt Zeiten wann das Schlaganfall Risiko am h\u00f6chsten ist. Eine japanische Studie hat Daten von 12.957 Schlaganf\u00e4llen ausgewertet um festzustellen zu welchen Zeiten die meisten Schlaganf\u00e4lle vorkommen. Dabei wurde festgestellt das die meisten Schlaganf\u00e4lle am Morgen zwischen 6:00 Uhr und 8:00 Uhr, sowie am Abend zwischen 18:00Weiterlesen <\/p><\/div>\n\n\n<hr class=\"wp-block-separator\"\/>\n\n\n<div class=\"wp-block-post-date\"><time datetime=\"2022-05-03T11:45:16+02:00\">3. Mai 2022<\/time><\/div>\n<\/li><li class=\"wp-block-post post-169 post type-post status-publish format-standard hentry category-hausnotruf\">\n<h2 class=\"wp-block-post-title\"><a href=\"https:\/\/vorlagen.hv-personal.de\/smardian\/sicherheit-tag-und-nacht\/\" target=\"_self\" >Sicherheit Tag und Nacht<\/a><\/h2>\n\n<div class=\"wp-block-post-excerpt\"><p class=\"wp-block-post-excerpt__excerpt\">Sicherheit Tag und Nacht Mit den Smardian Notrufger\u00e4ten genie\u00dfen Sie Sicherheit Tag und Nacht f\u00fcr Ihre Lieben. Wir wollen Ihnen wichtige Informationen zu Smardian sowie dem Mutterunternehmen der WSH geben. Zahlen und Fakten Die WSH wurde bereits 1925 gegr\u00fcndet. 1980 wurde die Notruf- und Serviceleistelle (NSL) eingerichtet. In dieser Notrufleitstelle arbeiten derzeit 27 Mitarbeiter rundWeiterlesen <\/p><\/div>\n\n\n<hr class=\"wp-block-separator\"\/>\n\n\n<div class=\"wp-block-post-date\"><time datetime=\"2022-04-22T10:39:00+02:00\">22. April 2022<\/time><\/div>\n<\/li><li class=\"wp-block-post post-161 post type-post status-publish format-standard hentry category-hausnotruf\">\n<h2 class=\"wp-block-post-title\"><a href=\"https:\/\/vorlagen.hv-personal.de\/smardian\/richtig-handeln-bei-schlaganfall\/\" target=\"_self\" >Richtig handeln bei einem Schlaganfall<\/a><\/h2>\n\n<div class=\"wp-block-post-excerpt\"><p class=\"wp-block-post-excerpt__excerpt\">Richtig handeln bei einem Schlaganfall Sie h\u00f6ren Sirenen in der Ferne. Ihr erster Gedanke gilt den Freunden in Ihrem Alter. Hoffentlich hat es niemanden aus meinem Bekanntenkreis erwischt. Allein in Deutschland ereignet sich ein Notruf, mit Verdacht auf einen Schlaganfall, j\u00e4hrlich bis zu 250.000 mal. Das ist ein Notruf etwa alle 2 Minuten. Und dieWeiterlesen <\/p><\/div>\n\n\n<hr class=\"wp-block-separator\"\/>\n\n\n<div class=\"wp-block-post-date\"><time datetime=\"2022-04-22T09:37:31+02:00\">22. April 2022<\/time><\/div>\n<\/li><li class=\"wp-block-post post-151 post type-post status-publish format-standard hentry category-hausnotruf\">\n<h2 class=\"wp-block-post-title\"><a href=\"https:\/\/vorlagen.hv-personal.de\/smardian\/die-entwicklung-eines-digitalen-schutzengels\/\" target=\"_self\" >Die Entwicklung eines digitalen Schutzengels<\/a><\/h2>\n\n<div class=\"wp-block-post-excerpt\"><p class=\"wp-block-post-excerpt__excerpt\">Die Entwicklung eines digitalen Schutzengels Die Entwicklung eines digitalen Schutzengels wurde mit Hilfe der Essence Group vorgenommen. Es wurde eine Zusammenarbeit zwischen der WSH (Muttergesellschaft von Smardian-Hausnotruf) und der Essence Group vereinbart.Dieses innovative Unternehmen steht f\u00fcr das Internet der Dinge. Das hei\u00dft: Das Menschen das Leben in vollen Z\u00fcgen leben, indem wir die Menschen undWeiterlesen <\/p><\/div>\n\n\n<hr class=\"wp-block-separator\"\/>\n\n\n<div class=\"wp-block-post-date\"><time datetime=\"2022-04-14T10:09:26+02:00\">14. April 2022<\/time><\/div>\n<\/li><li class=\"wp-block-post post-145 post type-post status-publish format-standard hentry category-hausnotruf\">\n<h2 class=\"wp-block-post-title\"><a href=\"https:\/\/vorlagen.hv-personal.de\/smardian\/hausnotruf-fuer-mich\/\" target=\"_self\" >Hausnotruf f\u00fcr mich<\/a><\/h2>\n\n<div class=\"wp-block-post-excerpt\"><p class=\"wp-block-post-excerpt__excerpt\">Was bietet der Smardian Hausnotruf f\u00fcr mich? Der Smardian Hausnotruf gibt Ihnen Sicherheit. Und neben der Sicherheit bewahren Sie Ihre Selbstst\u00e4ndigkeit im Alltag. Und die beste Eigenschaft dabei ist, dass Sie nicht st\u00e4ndig kontrolliert werden. Was kann Ihnen ein Hausnotruf mehr bieten als: Selbst\u00e4ndigkeit Sicherheit Ohne Kontrolle Lesetipp: Das Smardian Notrufsystem bietet Sicherheit anstatt KontrolleWeiterlesen <\/p><\/div>\n\n\n<hr class=\"wp-block-separator\"\/>\n\n\n<div class=\"wp-block-post-date\"><time datetime=\"2022-04-14T08:48:38+02:00\">14. April 2022<\/time><\/div>\n<\/li><li class=\"wp-block-post post-128 post type-post status-publish format-standard hentry category-hausnotruf\">\n<h2 class=\"wp-block-post-title\"><a href=\"https:\/\/vorlagen.hv-personal.de\/smardian\/preisvergleich-fuer-hausnotruf\/\" target=\"_self\" >Preisvergleich f\u00fcr Hausnotruf<\/a><\/h2>\n\n<div class=\"wp-block-post-excerpt\"><p class=\"wp-block-post-excerpt__excerpt\">Preisvergleich f\u00fcr Hausnotruf Ger\u00e4te Ein Preisvergleich f\u00fcr Hausnotruf Ger\u00e4te ist nur m\u00f6glich, wenn man die Leistung und den Preis der Anbieter genauer betrachtet. Durch die Vielzahl der Anbieter kommt schnell Verwirrung im Dschungel der Leistungen auf. Durch die Tabelle unten, hoffen wir Ihnen ein Wegweiser in diesem Preis- Leistungsdschungel zu sein. Im Vergleich dazu dieWeiterlesen <\/p><\/div>\n\n\n<hr class=\"wp-block-separator\"\/>\n\n\n<div class=\"wp-block-post-date\"><time datetime=\"2022-04-13T11:48:10+02:00\">13. April 2022<\/time><\/div>\n<\/li><li class=\"wp-block-post post-105 post type-post status-publish format-standard hentry category-hausnotruf\">\n<h2 class=\"wp-block-post-title\"><a href=\"https:\/\/vorlagen.hv-personal.de\/smardian\/kostenguenstige-alternative-zum-pflegeheim-und-seniorenheim\/\" target=\"_self\" >Kosteng\u00fcnstige Alternative zum Pflegeheim und Seniorenheim<\/a><\/h2>\n\n<div class=\"wp-block-post-excerpt\"><p class=\"wp-block-post-excerpt__excerpt\">Kosteng\u00fcnstige Alternative zum Pflegeheim und Seniorenheim Moderne und intelligente Hausnotruf-Systeme, sind eine kosteng\u00fcnstige Alternative zum Pflegeheim oder Seniorenheim.Wie und in welcher Lebensqualit\u00e4t wir im Alter leben h\u00e4ngt von unserem Gesundheitszustand ab. Doch neben unserem Gesundheitszustand sind einige wichtige Rahmenbedingungen ausschlaggebend. H\u00e4ufig fehlen Alternativen zu privaten oder staatlichen Pflegeeinrichtungen. Neben der Tatsache, dass diese \u201eneue Heimat\u201cWeiterlesen <\/p><\/div>\n\n\n<hr class=\"wp-block-separator\"\/>\n\n\n<div class=\"wp-block-post-date\"><time datetime=\"2022-04-13T09:30:28+02:00\">13. April 2022<\/time><\/div>\n<\/li><li class=\"wp-block-post post-94 post type-post status-publish format-standard hentry category-hausnotruf\">\n<h2 class=\"wp-block-post-title\"><a href=\"https:\/\/vorlagen.hv-personal.de\/smardian\/hausnotruf-zubehoer\/\" target=\"_self\" >Smardian Hausnotruf Zubeh\u00f6r<\/a><\/h2>\n\n<div class=\"wp-block-post-excerpt\"><p class=\"wp-block-post-excerpt__excerpt\">Welches Smardian Hausnotruf Zubeh\u00f6r gibt es? Unsere Systeme lassen sich mit sinnvollen Smardian Hausnotruf Zubeh\u00f6r erweitern. Der Sprachmelder Das Smardian Basis Hausnotruf System enth\u00e4lt einen integrierten und zwei zus\u00e4tzliche Sprachmelder. Das bedeutet, dass insgesamt drei Mikrofonen im Notfall f\u00fcr ein H\u00f6chstma\u00df an Sicherheit Sorge tragen. F\u00fcr gr\u00f6\u00dfere Wohnungen oder H\u00e4user k\u00f6nnen weitere Sprachmelder installiert werden.F\u00fcrWeiterlesen <\/p><\/div>\n\n\n<hr class=\"wp-block-separator\"\/>\n\n\n<div class=\"wp-block-post-date\"><time datetime=\"2022-03-28T11:35:41+02:00\">28. M\u00e4rz 2022<\/time><\/div>\n<\/li><li class=\"wp-block-post post-86 post type-post status-publish format-standard hentry category-hausnotruf\">\n<h2 class=\"wp-block-post-title\"><a href=\"https:\/\/vorlagen.hv-personal.de\/smardian\/die-smardian-dienstleistungsstufen\/\" target=\"_self\" >Die Smardian Dienstleistungsstufen<\/a><\/h2>\n\n<div class=\"wp-block-post-excerpt\"><p class=\"wp-block-post-excerpt__excerpt\">Die Smardian Dienstleistungsstufen Es gibt unterschiedliche, auf Ihre Bed\u00fcrfnisse angepasste Dienstleistungsstufen. Die WSH bietet professionelle L\u00f6sungen im Bereich von Dienstleistungen rund um das Thema Sicherheit an. Seit mehr als 90 Jahren ist die WSH am Markt etabliert. Aktuell sind in unserer Notruf-Leitstelle in Singen mehr als 15.000 Kunden aufgeschaltet. Das bedeutet, dass wir daf\u00fcr SorgeWeiterlesen <\/p><\/div>\n\n\n<hr class=\"wp-block-separator\"\/>\n\n\n<div class=\"wp-block-post-date\"><time datetime=\"2022-03-28T11:15:24+02:00\">28. M\u00e4rz 2022<\/time><\/div>\n<\/li><li class=\"wp-block-post post-64 post type-post status-publish format-standard hentry category-hausnotruf\">\n<h2 class=\"wp-block-post-title\"><a href=\"https:\/\/vorlagen.hv-personal.de\/smardian\/unser-hausnotruf-bietet-sicherheit-anstatt-kontrolle-2\/\" target=\"_self\" >Unser Hausnotruf bietet Sicherheit anstatt Kontrolle<\/a><\/h2>\n\n<div class=\"wp-block-post-excerpt\"><p class=\"wp-block-post-excerpt__excerpt\">Unser Hausnotruf bietet Sicherheit anstatt Kontrolle Unser Hausnotruf bietet Sicherheit anstatt Kontrolle f\u00fcr alleinlebende Menschen. Hierbei handelt es sich nicht um einen Werbeslogan, sondern um einen der wichtigsten Leits\u00e4tze von Smardian. In den vergangenen Jahren haben unterschiedliche technische L\u00f6sungen versucht, Menschen die M\u00f6glichkeit zu geben, l\u00e4nger in den eigenen vier W\u00e4nden wohnen zu bleiben. MeistWeiterlesen <\/p><\/div>\n\n\n<hr class=\"wp-block-separator\"\/>\n\n\n<div class=\"wp-block-post-date\"><time datetime=\"2022-03-22T13:40:45+01:00\">22. M\u00e4rz 2022<\/time><\/div>\n<\/li><\/ul><\/div>\n","protected":false},"excerpt":{"rendered":"<p>Diese Artikel sind geplant:<\/p>\n","protected":false},"author":1,"featured_media":0,"parent":0,"menu_order":0,"comment_status":"closed","ping_status":"closed","template":"","meta":{"footnotes":""},"class_list":["post-27","page","type-page","status-publish","hentry"],"yoast_head":"<!-- This site is optimized with the Yoast SEO plugin v27.3 - https:\/\/yoast.com\/product\/yoast-seo-wordpress\/ -->\n<title>Smardian - Homepage - Smardian<\/title>\n<meta name=\"robots\" content=\"noindex, follow, max-snippet:-1, max-image-preview:large, max-video-preview:-1\" \/>\n<meta property=\"og:locale\" content=\"de_DE\" \/>\n<meta property=\"og:type\" content=\"article\" \/>\n<meta property=\"og:title\" content=\"Smardian - Homepage - Smardian\" \/>\n<meta property=\"og:description\" content=\"Diese Artikel sind geplant:\" \/>\n<meta property=\"og:url\" content=\"https:\/\/vorlagen.hv-personal.de\/smardian\/\" \/>\n<meta property=\"og:site_name\" content=\"Smardian\" \/>\n<meta property=\"article:modified_time\" content=\"2022-04-14T06:58:34+00:00\" \/>\n<meta name=\"twitter:card\" content=\"summary_large_image\" \/>\n<meta name=\"twitter:label1\" content=\"Gesch\u00e4tzte Lesezeit\" \/>\n\t<meta name=\"twitter:data1\" content=\"1\u00a0Minute\" \/>\n<script type=\"application\/ld+json\" class=\"yoast-schema-graph\">{\"@context\":\"https:\\\/\\\/schema.org\",\"@graph\":[{\"@type\":\"WebPage\",\"@id\":\"https:\\\/\\\/vorlagen.hv-personal.de\\\/smardian\\\/\",\"url\":\"https:\\\/\\\/vorlagen.hv-personal.de\\\/smardian\\\/\",\"name\":\"Smardian - Homepage - Smardian\",\"isPartOf\":{\"@id\":\"https:\\\/\\\/vorlagen.hv-personal.de\\\/smardian\\\/#website\"},\"datePublished\":\"2022-03-15T15:18:08+00:00\",\"dateModified\":\"2022-04-14T06:58:34+00:00\",\"breadcrumb\":{\"@id\":\"https:\\\/\\\/vorlagen.hv-personal.de\\\/smardian\\\/#breadcrumb\"},\"inLanguage\":\"de\",\"potentialAction\":[{\"@type\":\"ReadAction\",\"target\":[\"https:\\\/\\\/vorlagen.hv-personal.de\\\/smardian\\\/\"]}]},{\"@type\":\"BreadcrumbList\",\"@id\":\"https:\\\/\\\/vorlagen.hv-personal.de\\\/smardian\\\/#breadcrumb\",\"itemListElement\":[{\"@type\":\"ListItem\",\"position\":1,\"name\":\"Startseite\",\"item\":\"https:\\\/\\\/vorlagen.hv-personal.de\\\/smardian\\\/\"},{\"@type\":\"ListItem\",\"position\":2,\"name\":\"Smardian &#8211; Homepage\"}]},{\"@type\":\"WebSite\",\"@id\":\"https:\\\/\\\/vorlagen.hv-personal.de\\\/smardian\\\/#website\",\"url\":\"https:\\\/\\\/vorlagen.hv-personal.de\\\/smardian\\\/\",\"name\":\"Smardian\",\"description\":\"\",\"potentialAction\":[{\"@type\":\"SearchAction\",\"target\":{\"@type\":\"EntryPoint\",\"urlTemplate\":\"https:\\\/\\\/vorlagen.hv-personal.de\\\/smardian\\\/?s={search_term_string}\"},\"query-input\":{\"@type\":\"PropertyValueSpecification\",\"valueRequired\":true,\"valueName\":\"search_term_string\"}}],\"inLanguage\":\"de\"}]}<\/script>\n<!-- \/ Yoast SEO plugin. -->","yoast_head_json":{"title":"Smardian - Homepage - Smardian","robots":{"index":"noindex","follow":"follow","max-snippet":"max-snippet:-1","max-image-preview":"max-image-preview:large","max-video-preview":"max-video-preview:-1"},"og_locale":"de_DE","og_type":"article","og_title":"Smardian - Homepage - Smardian","og_description":"Diese Artikel sind geplant:","og_url":"https:\/\/vorlagen.hv-personal.de\/smardian\/","og_site_name":"Smardian","article_modified_time":"2022-04-14T06:58:34+00:00","twitter_card":"summary_large_image","twitter_misc":{"Gesch\u00e4tzte Lesezeit":"1\u00a0Minute"},"schema":{"@context":"https:\/\/schema.org","@graph":[{"@type":"WebPage","@id":"https:\/\/vorlagen.hv-personal.de\/smardian\/","url":"https:\/\/vorlagen.hv-personal.de\/smardian\/","name":"Smardian - Homepage - Smardian","isPartOf":{"@id":"https:\/\/vorlagen.hv-personal.de\/smardian\/#website"},"datePublished":"2022-03-15T15:18:08+00:00","dateModified":"2022-04-14T06:58:34+00:00","breadcrumb":{"@id":"https:\/\/vorlagen.hv-personal.de\/smardian\/#breadcrumb"},"inLanguage":"de","potentialAction":[{"@type":"ReadAction","target":["https:\/\/vorlagen.hv-personal.de\/smardian\/"]}]},{"@type":"BreadcrumbList","@id":"https:\/\/vorlagen.hv-personal.de\/smardian\/#breadcrumb","itemListElement":[{"@type":"ListItem","position":1,"name":"Startseite","item":"https:\/\/vorlagen.hv-personal.de\/smardian\/"},{"@type":"ListItem","position":2,"name":"Smardian &#8211; Homepage"}]},{"@type":"WebSite","@id":"https:\/\/vorlagen.hv-personal.de\/smardian\/#website","url":"https:\/\/vorlagen.hv-personal.de\/smardian\/","name":"Smardian","description":"","potentialAction":[{"@type":"SearchAction","target":{"@type":"EntryPoint","urlTemplate":"https:\/\/vorlagen.hv-personal.de\/smardian\/?s={search_term_string}"},"query-input":{"@type":"PropertyValueSpecification","valueRequired":true,"valueName":"search_term_string"}}],"inLanguage":"de"}]}},"_links":{"self":[{"href":"https:\/\/vorlagen.hv-personal.de\/smardian\/wp-json\/wp\/v2\/pages\/27","targetHints":{"allow":["GET"]}}],"collection":[{"href":"https:\/\/vorlagen.hv-personal.de\/smardian\/wp-json\/wp\/v2\/pages"}],"about":[{"href":"https:\/\/vorlagen.hv-personal.de\/smardian\/wp-json\/wp\/v2\/types\/page"}],"author":[{"embeddable":true,"href":"https:\/\/vorlagen.hv-personal.de\/smardian\/wp-json\/wp\/v2\/users\/1"}],"replies":[{"embeddable":true,"href":"https:\/\/vorlagen.hv-personal.de\/smardian\/wp-json\/wp\/v2\/comments?post=27"}],"version-history":[{"count":7,"href":"https:\/\/vorlagen.hv-personal.de\/smardian\/wp-json\/wp\/v2\/pages\/27\/revisions"}],"predecessor-version":[{"id":150,"href":"https:\/\/vorlagen.hv-personal.de\/smardian\/wp-json\/wp\/v2\/pages\/27\/revisions\/150"}],"wp:attachment":[{"href":"https:\/\/vorlagen.hv-personal.de\/smardian\/wp-json\/wp\/v2\/media?parent=27"}],"curies":[{"name":"wp","href":"https:\/\/api.w.org\/{rel}","templated":true}]}}